{"id":10161,"date":"2025-10-13T08:43:10","date_gmt":"2025-10-13T08:43:10","guid":{"rendered":"https:\/\/www.ateliersposiformichella.com\/?post_type=product&#038;p=10161"},"modified":"2025-10-13T08:43:10","modified_gmt":"2025-10-13T08:43:10","slug":"sibila","status":"publish","type":"product","link":"https:\/\/www.ateliersposiformichella.com\/index.php\/product\/sibila\/","title":{"rendered":"SIBILA"},"content":{"rendered":"","protected":false},"excerpt":{"rendered":"<p><strong>COLLEZIONE 2026<\/strong><\/p>\n<p>&nbsp;<\/p>\n<ul>\n<li>Un abito a taglio principessa che punta sulla delicatezza: lo scollo a cuore incornicia il d\u00e9collet\u00e9 con dolcezza, mentre le applicazioni floreali in pizzo su tulle e chantilly donano profondit\u00e0 e texture. Una scelta perfetta per chi cerca uno stile classico e romantico<\/li>\n<\/ul>\n","protected":false},"featured_media":9958,"comment_status":"open","ping_status":"closed","template":"","meta":[],"product_brand":[],"product_cat":[32,42,45],"product_tag":[],"class_list":{"0":"post-10161","1":"product","2":"type-product","3":"status-publish","4":"has-post-thumbnail","6":"product_cat-pronovias","7":"product_cat-pronovias-sposa","8":"product_cat-sposa","10":"first","11":"instock","12":"shipping-taxable","13":"product-type-simple"},"_links":{"self":[{"href":"https:\/\/www.ateliersposiformichella.com\/index.php\/wp-json\/wp\/v2\/product\/10161","targetHints":{"allow":["GET"]}}],"collection":[{"href":"https:\/\/www.ateliersposiformichella.com\/index.php\/wp-json\/wp\/v2\/product"}],"about":[{"href":"https:\/\/www.ateliersposiformichella.com\/index.php\/wp-json\/wp\/v2\/types\/product"}],"replies":[{"embeddable":true,"href":"https:\/\/www.ateliersposiformichella.com\/index.php\/wp-json\/wp\/v2\/comments?post=10161"}],"wp:featuredmedia":[{"embeddable":true,"href":"https:\/\/www.ateliersposiformichella.com\/index.php\/wp-json\/wp\/v2\/media\/9958"}],"wp:attachment":[{"href":"https:\/\/www.ateliersposiformichella.com\/index.php\/wp-json\/wp\/v2\/media?parent=10161"}],"wp:term":[{"taxonomy":"product_brand","embeddable":true,"href":"https:\/\/www.ateliersposiformichella.com\/index.php\/wp-json\/wp\/v2\/product_brand?post=10161"},{"taxonomy":"product_cat","embeddable":true,"href":"https:\/\/www.ateliersposiformichella.com\/index.php\/wp-json\/wp\/v2\/product_cat?post=10161"},{"taxonomy":"product_tag","embeddable":true,"href":"https:\/\/www.ateliersposiformichella.com\/index.php\/wp-json\/wp\/v2\/product_tag?post=10161"}],"curies":[{"name":"wp","href":"https:\/\/api.w.org\/{rel}","templated":true}]}}