{"id":6659,"date":"2023-10-06T10:12:54","date_gmt":"2023-10-06T10:12:54","guid":{"rendered":"https:\/\/ateliersposiformichella.com\/?post_type=product&#038;p=6659"},"modified":"2025-09-29T10:59:52","modified_gmt":"2025-09-29T10:59:52","slug":"alyvia","status":"publish","type":"product","link":"https:\/\/www.ateliersposiformichella.com\/index.php\/product\/alyvia\/","title":{"rendered":"ALYVIA"},"content":{"rendered":"","protected":false},"excerpt":{"rendered":"<p><strong>Abito da sposa aderente e svasato in mikado bianco sporco con lungo strascico glamour.\u00a0Il corpetto senza maniche \u00e8 realizzato con stecche interne per una vestibilit\u00e0 perfetta e lo scollo \u00e8 impreziosito da giocosi fiori 3D.<\/strong><\/p>\n","protected":false},"featured_media":6413,"comment_status":"open","ping_status":"closed","template":"","meta":[],"product_brand":[],"product_cat":[31,36,45],"product_tag":[],"class_list":{"0":"post-6659","1":"product","2":"type-product","3":"status-publish","4":"has-post-thumbnail","6":"product_cat-nicole","7":"product_cat-nicole-colet","8":"product_cat-sposa","10":"first","11":"instock","12":"shipping-taxable","13":"product-type-simple"},"_links":{"self":[{"href":"https:\/\/www.ateliersposiformichella.com\/index.php\/wp-json\/wp\/v2\/product\/6659","targetHints":{"allow":["GET"]}}],"collection":[{"href":"https:\/\/www.ateliersposiformichella.com\/index.php\/wp-json\/wp\/v2\/product"}],"about":[{"href":"https:\/\/www.ateliersposiformichella.com\/index.php\/wp-json\/wp\/v2\/types\/product"}],"replies":[{"embeddable":true,"href":"https:\/\/www.ateliersposiformichella.com\/index.php\/wp-json\/wp\/v2\/comments?post=6659"}],"wp:featuredmedia":[{"embeddable":true,"href":"https:\/\/www.ateliersposiformichella.com\/index.php\/wp-json\/wp\/v2\/media\/6413"}],"wp:attachment":[{"href":"https:\/\/www.ateliersposiformichella.com\/index.php\/wp-json\/wp\/v2\/media?parent=6659"}],"wp:term":[{"taxonomy":"product_brand","embeddable":true,"href":"https:\/\/www.ateliersposiformichella.com\/index.php\/wp-json\/wp\/v2\/product_brand?post=6659"},{"taxonomy":"product_cat","embeddable":true,"href":"https:\/\/www.ateliersposiformichella.com\/index.php\/wp-json\/wp\/v2\/product_cat?post=6659"},{"taxonomy":"product_tag","embeddable":true,"href":"https:\/\/www.ateliersposiformichella.com\/index.php\/wp-json\/wp\/v2\/product_tag?post=6659"}],"curies":[{"name":"wp","href":"https:\/\/api.w.org\/{rel}","templated":true}]}}